{"id":2187,"date":"2024-03-28T13:31:27","date_gmt":"2024-03-28T10:31:27","guid":{"rendered":"https:\/\/thracechillers.com\/ru\/?page_id=2187"},"modified":"2024-05-28T11:18:53","modified_gmt":"2024-05-28T08:18:53","slug":"chiller-uygulama-alanlari","status":"publish","type":"page","link":"https:\/\/thracechillers.com\/ru\/chiller-uygulama-alanlari\/","title":{"rendered":"\u041e\u0431\u043b\u0430\u0441\u0442\u0438 \u041f\u0440\u0438\u043c\u0435\u043d\u0435\u043d\u0438\u044f"},"content":{"rendered":"\t\t<div data-elementor-type=\"wp-page\" data-elementor-id=\"2187\" class=\"elementor elementor-2187\">\n\t\t\t\t\t\t<section class=\"elementor-section elementor-top-section elementor-element elementor-element-36c3f1d elementor-section-stretched elementor-section-boxed elementor-section-height-default elementor-section-height-default\" data-id=\"36c3f1d\" data-element_type=\"section\" data-settings=\"{&quot;stretch_section&quot;:&quot;section-stretched&quot;}\">\r\n\t\t\r\n\t\t\t\t\t\t\t<div class=\"elementor-container elementor-column-gap-default\">\r\n\t\t\t\t\t\t\t\t\t\t\t<div class=\"elementor-column elementor-col-100 elementor-top-column elementor-element elementor-element-feba96f\" data-id=\"feba96f\" data-element_type=\"column\">\r\n\t\t\t\t\t<div class=\"elementor-widget-wrap elementor-element-populated\">\r\n\t\t\t\t\t\t\t\t<div class=\"elementor-element elementor-element-e15507b elementor-invisible elementor-widget elementor-widget-porto_ultimate_heading\" data-id=\"e15507b\" data-element_type=\"widget\" data-settings=\"{&quot;_animation&quot;:&quot;fadeInUp&quot;,&quot;_animation_delay&quot;:200}\" data-widget_type=\"porto_ultimate_heading.default\">\n\t\t\t\t<div class=\"elementor-widget-container\">\n\t\t\t\t\t<div class=\"porto-u-heading  porto-u-55ca8359258f9a412be7e73af65d2aac\"><div class=\"porto-u-main-heading\"><h2   >THRACE CHILLER<\/h2><\/div><div class=\"porto-u-heading-spacer line_only\" style=\"height:4px;\"><span class=\"porto-u-headings-line\" style=\"border-style:solid;border-bottom-width:4px;width:50px;\"><\/span><\/div><style>.porto-u-55ca8359258f9a412be7e73af65d2aac.porto-u-heading{text-align:center} .porto-u-55ca8359258f9a412be7e73af65d2aac .porto-u-headings-line{float: unset;}<\/style><\/div>\t\t\t\t<\/div>\n\t\t\t\t<\/div>\n\t\t\t\t<div class=\"elementor-element elementor-element-16d9c1d mb-3 elementor-invisible elementor-widget elementor-widget-heading\" data-id=\"16d9c1d\" data-element_type=\"widget\" data-settings=\"{&quot;_animation&quot;:&quot;fadeInUp&quot;,&quot;_animation_delay&quot;:200}\" data-widget_type=\"heading.default\">\n\t\t\t\t<div class=\"elementor-widget-container\">\n\t\t\t\t\t<h3 class=\"elementor-heading-title elementor-size-default\">\u041e\u0431\u043b\u0430\u0441\u0442\u0438 \u041f\u0440\u0438\u043c\u0435\u043d\u0435\u043d\u0438\u044f<\/h3>\t\t\t\t<\/div>\n\t\t\t\t<\/div>\n\t\t\t\t<div class=\"elementor-element elementor-element-8e30ca8 elementor-invisible elementor-widget elementor-widget-text-editor\" data-id=\"8e30ca8\" data-element_type=\"widget\" data-settings=\"{&quot;_animation&quot;:&quot;fadeInUp&quot;,&quot;_animation_delay&quot;:200}\" data-widget_type=\"text-editor.default\">\n\t\t\t\t<div class=\"elementor-widget-container\">\n\t\t\t\t\t\t\t\t\t<p>\u041e\u0431\u043b\u0430\u0441\u0442\u0438 \u041f\u0440\u0438\u043c\u0435\u043d\u0435\u043d\u0438\u044f: \u041c\u044b \u043f\u0440\u0435\u0434\u043b\u0430\u0433\u0430\u0435\u043c \u044d\u043d\u0435\u0440\u0433\u043e\u044d\u0444\u0444\u0435\u043a\u0442\u0438\u0432\u043d\u044b\u0435 \u0440\u0435\u0448\u0435\u043d\u0438\u044f \u0434\u043b\u044f \u043e\u0445\u043b\u0430\u0436\u0434\u0435\u043d\u0438\u044f, \u043f\u043e\u0434\u0445\u043e\u0434\u044f\u0449\u0438\u0435 \u0434\u043b\u044f \u0432\u0441\u0435\u0445 \u043e\u0442\u0440\u0430\u0441\u043b\u0435\u0439 \u043f\u0440\u043e\u043c\u044b\u0448\u043b\u0435\u043d\u043d\u043e\u0441\u0442\u0438. \u041c\u044b \u043c\u043e\u0436\u0435\u043c \u043f\u0440\u0435\u0434\u043e\u0441\u0442\u0430\u0432\u0438\u0442\u044c \u0432\u0430\u043c \u0441\u0438\u0441\u0442\u0435\u043c\u0443 \u043e\u0445\u043b\u0430\u0436\u0434\u0435\u043d\u0438\u044f, \u043a\u043e\u0442\u043e\u0440\u0430\u044f \u0441\u043e\u043e\u0442\u0432\u0435\u0442\u0441\u0442\u0432\u0443\u0435\u0442 \u0432\u0430\u0448\u0438\u043c \u043f\u043e\u0442\u0440\u0435\u0431\u043d\u043e\u0441\u0442\u044f\u043c \u0432 \u043e\u0445\u043b\u0430\u0436\u0434\u0430\u044e\u0449\u0438\u0445 \u0443\u0441\u0442\u0430\u043d\u043e\u0432\u043a\u0430\u0445 Thrace Chiller. \u0421\u0432\u044f\u0436\u0438\u0442\u0435\u0441\u044c \u0441 \u043d\u0430\u043c\u0438 \u0441\u0435\u0433\u043e\u0434\u043d\u044f, \u0438 \u0434\u0430\u0432\u0430\u0439\u0442\u0435 \u0432\u043c\u0435\u0441\u0442\u0435 \u0440\u0435\u0448\u0438\u043c, \u043a\u0430\u043a \u0441\u0434\u0435\u043b\u0430\u0442\u044c \u0432\u0430\u0448 \u0431\u0438\u0437\u043d\u0435\u0441 \u0431\u043e\u043b\u0435\u0435 \u043f\u0440\u043e\u0445\u043b\u0430\u0434\u043d\u044b\u043c.<\/p>\t\t\t\t\t\t\t\t<\/div>\n\t\t\t\t<\/div>\n\t\t\t\t\t<\/div>\r\n\t\t\t\t<\/div>\r\n\t\t\t\t\t<\/div>\r\n\t\t\t\t<\/section>\r\n\t\t\t\t<section class=\"elementor-section elementor-top-section elementor-element elementor-element-33614f3 elementor-section-boxed elementor-section-height-default elementor-section-height-default elementor-invisible\" data-id=\"33614f3\" data-element_type=\"section\" data-settings=\"{&quot;animation&quot;:&quot;fadeInUp&quot;,&quot;animation_delay&quot;:400}\">\r\n\t\t\r\n\t\t\t\t\t\t\t<div class=\"elementor-container elementor-column-gap-default\">\r\n\t\t\t\t\t\t\t\t\t\t\t<div class=\"elementor-column elementor-col-33 elementor-top-column elementor-element elementor-element-c26db9a\" data-id=\"c26db9a\" data-element_type=\"column\">\r\n\t\t\t\t\t<div class=\"elementor-widget-wrap elementor-element-populated\">\r\n\t\t\t\t\t\t\t\t<div class=\"elementor-element elementor-element-76376c4 pc-thumb-info-style-1 elementor-position-top elementor-widget elementor-widget-image-box\" data-id=\"76376c4\" data-element_type=\"widget\" data-widget_type=\"image-box.default\">\n\t\t\t\t<div class=\"elementor-widget-container\">\n\t\t\t\t\t<div class=\"elementor-image-box-wrapper\"><figure class=\"elementor-image-box-img\"><a href=\"https:\/\/thracechillers.com\/ru\/hvac-iklimlendirme\/\" tabindex=\"-1\"><img decoding=\"async\" width=\"65\" height=\"48\" src=\"https:\/\/thracechillers.com\/ru\/wp-content\/uploads\/2024\/03\/hvac-iklimlendirme-.svg\" class=\"attachment-full size-full wp-image-2212\" alt=\"\u041a\u043b\u0438\u043c\u0430\u0442\u0438\u0447\u0435\u0441\u043a\u0438\u0439 K\u043e\u043d\u0442\u0440\u043e\u043b\u044c Hvac\" \/><\/a><\/figure><div class=\"elementor-image-box-content\"><h3 class=\"elementor-image-box-title\"><a href=\"https:\/\/thracechillers.com\/ru\/hvac-iklimlendirme\/\">\u041a\u043b\u0438\u043c\u0430\u0442\u0438\u0447\u0435\u0441\u043a\u0438\u0439 K\u043e\u043d\u0442\u0440\u043e\u043b\u044c Hvac<\/a><\/h3><p class=\"elementor-image-box-description\"><a href=\"https:\/\/thracechillers.com\/ru\/hvac-iklimlendirme\/\"><img decoding=\"async\" width=\"289\" height=\"144\" src=\"https:\/\/thracechillers.com\/ru\/wp-content\/uploads\/2024\/04\/HVAC-iklimlendirme-.webp\" alt=\"\u041a\u043b\u0438\u043c\u0430\u0442\u0438\u0447\u0435\u0441\u043a\u0438\u0439 K\u043e\u043d\u0442\u0440\u043e\u043b\u044c Hvac\"><\/a><\/p><\/div><\/div>\t\t\t\t<\/div>\n\t\t\t\t<\/div>\n\t\t\t\t\t<\/div>\r\n\t\t\t\t<\/div>\r\n\t\t\t\t<div class=\"elementor-column elementor-col-33 elementor-top-column elementor-element elementor-element-d49753a\" data-id=\"d49753a\" data-element_type=\"column\">\r\n\t\t\t\t\t<div class=\"elementor-widget-wrap elementor-element-populated\">\r\n\t\t\t\t\t\t\t\t<div class=\"elementor-element elementor-element-1b86d51 pc-thumb-info-style-1 elementor-position-top elementor-widget elementor-widget-image-box\" data-id=\"1b86d51\" data-element_type=\"widget\" data-widget_type=\"image-box.default\">\n\t\t\t\t<div class=\"elementor-widget-container\">\n\t\t\t\t\t<div class=\"elementor-image-box-wrapper\"><figure class=\"elementor-image-box-img\"><a href=\"https:\/\/thracechillers.com\/ru\/plastik-sogutma-sistemleri\/\" tabindex=\"-1\"><img decoding=\"async\" width=\"65\" height=\"48\" src=\"https:\/\/thracechillers.com\/ru\/wp-content\/uploads\/2024\/04\/plastik-sogutma-sistemleri.svg\" class=\"attachment-full size-full wp-image-3598\" alt=\"\u0421\u0438\u0441\u0442\u0435\u043c\u044b \u041e\u0445\u043b\u0430\u0436\u0434\u0435\u043d\u0438\u044f \u041f\u043b\u0430\u0441\u0442\u0438\u043a\u0430\" \/><\/a><\/figure><div class=\"elementor-image-box-content\"><h3 class=\"elementor-image-box-title\"><a href=\"https:\/\/thracechillers.com\/ru\/plastik-sogutma-sistemleri\/\">\u0421\u0438\u0441\u0442\u0435\u043c\u044b \u041e\u0445\u043b\u0430\u0436\u0434\u0435\u043d\u0438\u044f \u041f\u043b\u0430\u0441\u0442\u0438\u043a\u0430<\/a><\/h3><p class=\"elementor-image-box-description\"><a href=\"https:\/\/thracechillers.com\/ru\/plastik-sogutma-sistemleri\/\"><img loading=\"lazy\" decoding=\"async\" width=\"289\" height=\"144\" src=\"https:\/\/thracechillers.com\/ru\/wp-content\/uploads\/2024\/04\/plastik-sogutma-sistemleri-.webp\" alt=\"\u0421\u0438\u0441\u0442\u0435\u043c\u044b \u041e\u0445\u043b\u0430\u0436\u0434\u0435\u043d\u0438\u044f \u041f\u043b\u0430\u0441\u0442\u0438\u043a\u0430\"><\/a><\/p><\/div><\/div>\t\t\t\t<\/div>\n\t\t\t\t<\/div>\n\t\t\t\t\t<\/div>\r\n\t\t\t\t<\/div>\r\n\t\t\t\t<div class=\"elementor-column elementor-col-33 elementor-top-column elementor-element elementor-element-423adfb\" data-id=\"423adfb\" data-element_type=\"column\">\r\n\t\t\t\t\t<div class=\"elementor-widget-wrap elementor-element-populated\">\r\n\t\t\t\t\t\t\t\t<div class=\"elementor-element elementor-element-fb0bde7 pc-thumb-info-style-1 elementor-position-top elementor-widget elementor-widget-image-box\" data-id=\"fb0bde7\" data-element_type=\"widget\" data-widget_type=\"image-box.default\">\n\t\t\t\t<div class=\"elementor-widget-container\">\n\t\t\t\t\t<div class=\"elementor-image-box-wrapper\"><figure class=\"elementor-image-box-img\"><a href=\"https:\/\/thracechillers.com\/ru\/yiyecek-ve-icicek-sogutma-sistemleri\/\" tabindex=\"-1\"><img loading=\"lazy\" decoding=\"async\" width=\"65\" height=\"48\" src=\"https:\/\/thracechillers.com\/ru\/wp-content\/uploads\/2024\/04\/yiyecek-icecek-sogutma2sistemleri.svg\" class=\"attachment-full size-full wp-image-3245\" alt=\"\u041e\u0445\u043b\u0430\u0436\u0434\u0435\u043d\u0438\u0435 \u041f\u0438\u0449\u0435\u0432\u044b\u0445 \u041f\u0440\u043e\u0434\u0443\u043a\u0442\u043e\u0432 \u0418 \u041d\u0430\u043f\u0438\u0442\u043a\u043e\u0432\" \/><\/a><\/figure><div class=\"elementor-image-box-content\"><h3 class=\"elementor-image-box-title\"><a href=\"https:\/\/thracechillers.com\/ru\/yiyecek-ve-icicek-sogutma-sistemleri\/\">\u041e\u0445\u043b\u0430\u0436\u0434\u0435\u043d\u0438\u0435 \u041f\u0438\u0449\u0435\u0432\u044b\u0445 \u041f\u0440\u043e\u0434\u0443\u043a\u0442\u043e\u0432 \u0418 \u041d\u0430\u043f\u0438\u0442\u043a\u043e\u0432<\/a><\/h3><p class=\"elementor-image-box-description\"><a href=\"https:\/\/thracechillers.com\/ru\/yiyecek-ve-icecek-sogutma-sistemleri\/\"><img loading=\"lazy\" decoding=\"async\" width=\"289\" height=\"144\" src=\"https:\/\/thracechillers.com\/ru\/wp-content\/uploads\/2024\/04\/yiyecek-icecek-sogutma-sist-1.webp\" alt=\"chiller uygulama alanlar\u0131 Yiyecek \u0130\u00e7ecek So\u011futma Sistemleri\"><\/a><\/p><\/div><\/div>\t\t\t\t<\/div>\n\t\t\t\t<\/div>\n\t\t\t\t\t<\/div>\r\n\t\t\t\t<\/div>\r\n\t\t\t\t\t<\/div>\r\n\t\t\t\t<\/section>\r\n\t\t\t\t<section class=\"elementor-section elementor-top-section elementor-element elementor-element-169362c elementor-section-boxed elementor-section-height-default elementor-section-height-default\" data-id=\"169362c\" data-element_type=\"section\">\r\n\t\t\r\n\t\t\t\t\t\t\t<div class=\"elementor-container elementor-column-gap-default\">\r\n\t\t\t\t\t\t\t\t\t\t\t<div class=\"elementor-column elementor-col-33 elementor-top-column elementor-element elementor-element-432f6a5\" data-id=\"432f6a5\" data-element_type=\"column\">\r\n\t\t\t\t\t<div class=\"elementor-widget-wrap elementor-element-populated\">\r\n\t\t\t\t\t\t\t\t<div class=\"elementor-element elementor-element-c9e088e pc-thumb-info-style-1 elementor-position-top elementor-widget elementor-widget-image-box\" data-id=\"c9e088e\" data-element_type=\"widget\" data-widget_type=\"image-box.default\">\n\t\t\t\t<div class=\"elementor-widget-container\">\n\t\t\t\t\t<div class=\"elementor-image-box-wrapper\"><figure class=\"elementor-image-box-img\"><a href=\"https:\/\/thracechillers.com\/ru\/mr-goruntuleme-sogutma\/\" tabindex=\"-1\"><img loading=\"lazy\" decoding=\"async\" width=\"65\" height=\"48\" src=\"https:\/\/thracechillers.com\/ru\/wp-content\/uploads\/2024\/04\/mr-goruntuleme-sogutma-2.svg\" class=\"attachment-full size-full wp-image-3313\" alt=\"\u0421\u0438\u0441\u0442\u0435\u043c\u044b \u043e\u0445\u043b\u0430\u0436\u0434\u0435\u043d\u0438\u044f \u041c\u0420\u0422\" \/><\/a><\/figure><div class=\"elementor-image-box-content\"><h3 class=\"elementor-image-box-title\"><a href=\"https:\/\/thracechillers.com\/ru\/mr-goruntuleme-sogutma\/\">\u041e\u0445\u043b\u0430\u0436\u0434\u0435\u043d\u0438\u0435 \u041c\u0440\u0442<\/a><\/h3><p class=\"elementor-image-box-description\"><a href=\"https:\/\/thracechillers.com\/ru\/mr-goruntuleme-sogutma\/\"><img loading=\"lazy\" decoding=\"async\" width=\"289\" height=\"144\" src=\"https:\/\/thracechillers.com\/ru\/wp-content\/uploads\/2024\/04\/mr-goruntuleme-sogutma-sistemleri.webp\" alt=\"\u041e\u0445\u043b\u0430\u0436\u0434\u0435\u043d\u0438\u0435 \u041c\u0440\u0442\"><\/a><\/p><\/div><\/div>\t\t\t\t<\/div>\n\t\t\t\t<\/div>\n\t\t\t\t\t<\/div>\r\n\t\t\t\t<\/div>\r\n\t\t\t\t<div class=\"elementor-column elementor-col-33 elementor-top-column elementor-element elementor-element-6f5a529\" data-id=\"6f5a529\" data-element_type=\"column\">\r\n\t\t\t\t\t<div class=\"elementor-widget-wrap elementor-element-populated\">\r\n\t\t\t\t\t\t\t\t<div class=\"elementor-element elementor-element-8f8c2ad pc-thumb-info-style-1 elementor-position-top elementor-widget elementor-widget-image-box\" data-id=\"8f8c2ad\" data-element_type=\"widget\" data-widget_type=\"image-box.default\">\n\t\t\t\t<div class=\"elementor-widget-container\">\n\t\t\t\t\t<div class=\"elementor-image-box-wrapper\"><figure class=\"elementor-image-box-img\"><a href=\"https:\/\/thracechillers.com\/ru\/veri-merkezi-sogutma\/\" tabindex=\"-1\"><img loading=\"lazy\" decoding=\"async\" width=\"65\" height=\"48\" src=\"https:\/\/thracechillers.com\/ru\/wp-content\/uploads\/2024\/04\/veri-merkezi-sogutma-sistemleri-2.svg\" class=\"attachment-full size-full wp-image-3349\" alt=\"\u041e\u0445\u043b\u0430\u0436\u0434\u0435\u043d\u0438\u0435 \u0426\u0435\u043d\u0442\u0440\u0430 \u041e\u0431\u0440\u0430\u0431\u043e\u0442\u043a\u0438 \u0414\u0430\u043d\u043d\u044b\u0445 (\u0426\u043e\u0434)\" \/><\/a><\/figure><div class=\"elementor-image-box-content\"><h3 class=\"elementor-image-box-title\"><a href=\"https:\/\/thracechillers.com\/ru\/veri-merkezi-sogutma\/\">\u041e\u0445\u043b\u0430\u0436\u0434\u0435\u043d\u0438\u0435 \u0426\u0435\u043d\u0442\u0440\u0430 \u041e\u0431\u0440\u0430\u0431\u043e\u0442\u043a\u0438 \u0414\u0430\u043d\u043d\u044b\u0445 (\u0426\u043e\u0434)<\/a><\/h3><p class=\"elementor-image-box-description\"><a href=\"https:\/\/thracechillers.com\/ru\/veri-merkezi-sogutma\/\"><img loading=\"lazy\" decoding=\"async\" width=\"289\" height=\"144\" src=\"https:\/\/thracechillers.com\/ru\/wp-content\/uploads\/2024\/04\/veri-merkezi-sogutma-sistemleri.webp\" alt=\"chiller uygulama alanlar\u0131 Veri Merkezi So\u011futma\"><\/a><\/p><\/div><\/div>\t\t\t\t<\/div>\n\t\t\t\t<\/div>\n\t\t\t\t\t<\/div>\r\n\t\t\t\t<\/div>\r\n\t\t\t\t<div class=\"elementor-column elementor-col-33 elementor-top-column elementor-element elementor-element-8c7a968\" data-id=\"8c7a968\" data-element_type=\"column\">\r\n\t\t\t\t\t<div class=\"elementor-widget-wrap elementor-element-populated\">\r\n\t\t\t\t\t\t\t\t<div class=\"elementor-element elementor-element-b260f8b elementor-widget elementor-widget-image\" data-id=\"b260f8b\" data-element_type=\"widget\" data-widget_type=\"image.default\">\n\t\t\t\t<div class=\"elementor-widget-container\">\n\t\t\t\t\t\t\t\t\t\t\t\t\t\t\t<img loading=\"lazy\" decoding=\"async\" width=\"700\" height=\"698\" src=\"https:\/\/thracechillers.com\/ru\/wp-content\/uploads\/2024\/05\/Yatay-Beyaz-Logo_.webp\" class=\"attachment-full size-full wp-image-6497\" alt=\"\u041e\u0431\u043b\u0430\u0441\u0442\u0438 \u041f\u0440\u0438\u043c\u0435\u043d\u0435\u043d\u0438\u044f\" srcset=\"https:\/\/thracechillers.com\/ru\/wp-content\/uploads\/2024\/05\/Yatay-Beyaz-Logo_.webp 700w, https:\/\/thracechillers.com\/ru\/wp-content\/uploads\/2024\/05\/Yatay-Beyaz-Logo_-640x638.webp 640w, https:\/\/thracechillers.com\/ru\/wp-content\/uploads\/2024\/05\/Yatay-Beyaz-Logo_-400x399.webp 400w, https:\/\/thracechillers.com\/ru\/wp-content\/uploads\/2024\/05\/Yatay-Beyaz-Logo_-367x367.webp 367w\" sizes=\"(max-width: 700px) 100vw, 700px\" \/>\t\t\t\t\t\t\t\t\t\t\t\t\t\t\t<\/div>\n\t\t\t\t<\/div>\n\t\t\t\t\t<\/div>\r\n\t\t\t\t<\/div>\r\n\t\t\t\t\t<\/div>\r\n\t\t\t\t<\/section>\r\n\t\t\t\t<section class=\"elementor-section elementor-top-section elementor-element elementor-element-b75df6e elementor-section-content-middle elementor-section-stretched elementor-section-boxed elementor-section-height-default elementor-section-height-default\" data-id=\"b75df6e\" data-element_type=\"section\" data-settings=\"{&quot;background_background&quot;:&quot;classic&quot;,&quot;stretch_section&quot;:&quot;section-stretched&quot;}\">\r\n\t\t\t\t\t\t<div class=\"elementor-background-overlay\"><\/div>\r\n\t\t\t\r\n\t\t\t\t\t\t\t<div class=\"elementor-container elementor-column-gap-default\">\r\n\t\t\t\t\t\t\t\t\t\t\t<div class=\"elementor-column elementor-col-50 elementor-top-column elementor-element elementor-element-55f9b5b\" data-id=\"55f9b5b\" data-element_type=\"column\">\r\n\t\t\t\t\t<div class=\"elementor-widget-wrap elementor-element-populated\">\r\n\t\t\t\t\t\t\t\t<div class=\"elementor-element elementor-element-ff5eaa3 elementor-widget-mobile__width-initial elementor-widget elementor-widget-heading\" data-id=\"ff5eaa3\" data-element_type=\"widget\" data-widget_type=\"heading.default\">\n\t\t\t\t<div class=\"elementor-widget-container\">\n\t\t\t\t\t<h2 class=\"elementor-heading-title elementor-size-default\">\u0418\u043d\u043d\u043e\u0432\u0430\u0446\u0438\u044f - \u043d\u0430\u0448 \u0441\u0442\u0430\u043d\u0434\u0430\u0440\u0442.<\/h2>\t\t\t\t<\/div>\n\t\t\t\t<\/div>\n\t\t\t\t<div class=\"elementor-element elementor-element-aae9ea9 elementor-widget elementor-widget-text-editor\" data-id=\"aae9ea9\" data-element_type=\"widget\" data-widget_type=\"text-editor.default\">\n\t\t\t\t<div class=\"elementor-widget-container\">\n\t\t\t\t\t\t\t\t\t<p>\u0421\u0432\u044f\u0436\u0438\u0442\u0435\u0441\u044c \u0441 \u043d\u0430\u043c\u0438 \u0441\u0435\u0433\u043e\u0434\u043d\u044f, \u0447\u0442\u043e\u0431\u044b \u043f\u043e\u043b\u0443\u0447\u0438\u0442\u044c \u0438\u043d\u0434\u0438\u0432\u0438\u0434\u0443\u0430\u043b\u044c\u043d\u043e\u0435 <a href=\"http:\/\/\u0421\u0432\u044f\u0436\u0438\u0442\u0435\u0441\u044c \u0441 \u043d\u0430\u043c\u0438 \u0441\u0435\u0433\u043e\u0434\u043d\u044f, \u0447\u0442\u043e\u0431\u044b \u043f\u043e\u043b\u0443\u0447\u0438\u0442\u044c \u0438\u043d\u0434\u0438\u0432\u0438\u0434\u0443\u0430\u043b\u044c\u043d\u043e\u0435 \u043a\u043e\u043c\u043c\u0435\u0440\u0447\u0435\u0441\u043a\u043e\u0435 \u043f\u0440\u0435\u0434\u043b\u043e\u0436\u0435\u043d\u0438\u0435 \u0438\u043b\u0438 \u0443\u0437\u043d\u0430\u0442\u044c \u0431\u043e\u043b\u044c\u0448\u0435 \u043e \u043d\u0430\u0448\u0438\u0445 \u043f\u0440\u043e\u0434\u0443\u043a\u0442\u0430\u0445 \u0443 \u043d\u0430\u0448\u0438\u0445 \u044d\u043a\u0441\u043f\u0435\u0440\u0442\u043e\u0432.\" data-wplink-url-error=\"true\">\u043a\u043e\u043c\u043c\u0435\u0440\u0447\u0435\u0441\u043a\u043e\u0435<\/a> \u043f\u0440\u0435\u0434\u043b\u043e\u0436\u0435\u043d\u0438\u0435 \u0438\u043b\u0438 \u0443\u0437\u043d\u0430\u0442\u044c \u0431\u043e\u043b\u044c\u0448\u0435 \u043e \u043d\u0430\u0448\u0438\u0445 \u043f\u0440\u043e\u0434\u0443\u043a\u0442\u0430\u0445 \u0443 \u043d\u0430\u0448\u0438\u0445 \u044d\u043a\u0441\u043f\u0435\u0440\u0442\u043e\u0432.<\/p>\t\t\t\t\t\t\t\t<\/div>\n\t\t\t\t<\/div>\n\t\t\t\t\t<\/div>\r\n\t\t\t\t<\/div>\r\n\t\t\t\t<div class=\"elementor-column elementor-col-50 elementor-top-column elementor-element elementor-element-de87a91\" data-id=\"de87a91\" data-element_type=\"column\">\r\n\t\t\t\t\t<div class=\"elementor-widget-wrap elementor-element-populated\">\r\n\t\t\t\t\t\t\t\t<div class=\"elementor-element elementor-element-8c157bf text-lg-end elementor-widget elementor-widget-porto_button\" data-id=\"8c157bf\" data-element_type=\"widget\" data-widget_type=\"porto_button.default\">\n\t\t\t\t<div class=\"elementor-widget-container\">\n\t\t\t\t\t<a aria-label=\"button\" class=\"btn btn-lg btn-primary btn-modern btn-full-rounded\" href=\"https:\/\/thracechillers.com\/ru\/iletisim\/\"><span >\u041a\u041e\u041d\u0422\u0410\u041a\u0422\u042b<\/span><\/a>\t\t\t\t<\/div>\n\t\t\t\t<\/div>\n\t\t\t\t\t<\/div>\r\n\t\t\t\t<\/div>\r\n\t\t\t\t\t<\/div>\r\n\t\t\t\t<\/section>\r\n\t\t\t\t<\/div>\n\t\t","protected":false},"excerpt":{"rendered":"<p>THRACE CHILLER \u041e\u0431\u043b\u0430\u0441\u0442\u0438 \u041f\u0440\u0438\u043c\u0435\u043d\u0435\u043d\u0438\u044f \u041e\u0431\u043b\u0430\u0441\u0442\u0438 \u041f\u0440\u0438\u043c\u0435\u043d\u0435\u043d\u0438\u044f: \u041c\u044b \u043f\u0440\u0435\u0434\u043b\u0430\u0433\u0430\u0435\u043c \u044d\u043d\u0435\u0440\u0433\u043e\u044d\u0444\u0444\u0435\u043a\u0442\u0438\u0432\u043d\u044b\u0435 \u0440\u0435\u0448\u0435\u043d\u0438\u044f \u0434\u043b\u044f \u043e\u0445\u043b\u0430\u0436\u0434\u0435\u043d\u0438\u044f, \u043f\u043e\u0434\u0445\u043e\u0434\u044f\u0449\u0438\u0435 \u0434\u043b\u044f \u0432\u0441\u0435\u0445 \u043e\u0442\u0440\u0430\u0441\u043b\u0435\u0439 \u043f\u0440\u043e\u043c\u044b\u0448\u043b\u0435\u043d\u043d\u043e\u0441\u0442\u0438. \u041c\u044b \u043c\u043e\u0436\u0435\u043c \u043f\u0440\u0435\u0434\u043e\u0441\u0442\u0430\u0432\u0438\u0442\u044c \u0432\u0430\u043c \u0441\u0438\u0441\u0442\u0435\u043c\u0443 \u043e\u0445\u043b\u0430\u0436\u0434\u0435\u043d\u0438\u044f, \u043a\u043e\u0442\u043e\u0440\u0430\u044f \u0441\u043e\u043e\u0442\u0432\u0435\u0442\u0441\u0442\u0432\u0443\u0435\u0442 \u0432\u0430\u0448\u0438\u043c \u043f\u043e\u0442\u0440\u0435\u0431\u043d\u043e\u0441\u0442\u044f\u043c \u0432 \u043e\u0445\u043b\u0430\u0436\u0434\u0430\u044e\u0449\u0438\u0445 \u0443\u0441\u0442\u0430\u043d\u043e\u0432\u043a\u0430\u0445 Thrace Chiller. \u0421\u0432\u044f\u0436\u0438\u0442\u0435\u0441\u044c \u0441 \u043d\u0430\u043c\u0438 \u0441\u0435\u0433\u043e\u0434\u043d\u044f, \u0438 \u0434\u0430\u0432\u0430\u0439\u0442\u0435 \u0432\u043c\u0435\u0441\u0442\u0435 \u0440\u0435\u0448\u0438\u043c, \u043a\u0430\u043a \u0441\u0434\u0435\u043b\u0430\u0442\u044c \u0432\u0430\u0448 \u0431\u0438\u0437\u043d\u0435\u0441 \u0431\u043e\u043b\u0435\u0435 \u043f\u0440\u043e\u0445\u043b\u0430\u0434\u043d\u044b\u043c. \u041a\u043b\u0438\u043c\u0430\u0442\u0438\u0447\u0435\u0441\u043a\u0438\u0439 K\u043e\u043d\u0442\u0440\u043e\u043b\u044c Hvac \u0421\u0438\u0441\u0442\u0435\u043c\u044b \u041e\u0445\u043b\u0430\u0436\u0434\u0435\u043d\u0438\u044f \u041f\u043b\u0430\u0441\u0442\u0438\u043a\u0430 \u041e\u0445\u043b\u0430\u0436\u0434\u0435\u043d\u0438\u0435 \u041f\u0438\u0449\u0435\u0432\u044b\u0445 \u041f\u0440\u043e\u0434\u0443\u043a\u0442\u043e\u0432 [&hellip;]<\/p>\n","protected":false},"author":1,"featured_media":0,"parent":0,"menu_order":0,"comment_status":"closed","ping_status":"closed","template":"","meta":{"inline_featured_image":false,"_joinchat":[],"footnotes":""},"class_list":["post-2187","page","type-page","status-publish","hentry"],"_links":{"self":[{"href":"https:\/\/thracechillers.com\/ru\/wp-json\/wp\/v2\/pages\/2187","targetHints":{"allow":["GET"]}}],"collection":[{"href":"https:\/\/thracechillers.com\/ru\/wp-json\/wp\/v2\/pages"}],"about":[{"href":"https:\/\/thracechillers.com\/ru\/wp-json\/wp\/v2\/types\/page"}],"author":[{"embeddable":true,"href":"https:\/\/thracechillers.com\/ru\/wp-json\/wp\/v2\/users\/1"}],"replies":[{"embeddable":true,"href":"https:\/\/thracechillers.com\/ru\/wp-json\/wp\/v2\/comments?post=2187"}],"version-history":[{"count":0,"href":"https:\/\/thracechillers.com\/ru\/wp-json\/wp\/v2\/pages\/2187\/revisions"}],"wp:attachment":[{"href":"https:\/\/thracechillers.com\/ru\/wp-json\/wp\/v2\/media?parent=2187"}],"curies":[{"name":"wp","href":"https:\/\/api.w.org\/{rel}","templated":true}]}}