{"id":3,"date":"2024-03-27T08:50:20","date_gmt":"2024-03-27T05:50:20","guid":{"rendered":"https:\/\/thracechillers.com\/en\/?page_id=3"},"modified":"2024-05-23T08:34:23","modified_gmt":"2024-05-23T05:34:23","slug":"cookie-policy","status":"publish","type":"page","link":"https:\/\/thracechillers.com\/en\/cookie-policy\/","title":{"rendered":"Cookie Policy"},"content":{"rendered":"\t\t<div data-elementor-type=\"wp-page\" data-elementor-id=\"3\" class=\"elementor elementor-3\">\n\t\t\t\t\t\t<section class=\"elementor-section elementor-top-section elementor-element elementor-element-cec3f13 elementor-section-boxed elementor-section-height-default elementor-section-height-default\" data-id=\"cec3f13\" data-element_type=\"section\">\r\n\t\t\r\n\t\t\t\t\t\t\t<div class=\"elementor-container elementor-column-gap-default\">\r\n\t\t\t\t\t\t\t\t\t\t\t<div class=\"elementor-column elementor-col-100 elementor-top-column elementor-element elementor-element-e7199cf\" data-id=\"e7199cf\" data-element_type=\"column\">\r\n\t\t\t\t\t<div class=\"elementor-widget-wrap elementor-element-populated\">\r\n\t\t\t\t\t\t\t\t<div class=\"elementor-element elementor-element-8b0152a elementor-invisible elementor-widget elementor-widget-image\" data-id=\"8b0152a\" data-element_type=\"widget\" data-settings=\"{&quot;_animation&quot;:&quot;fadeInUp&quot;,&quot;_animation_delay&quot;:200}\" data-widget_type=\"image.default\">\n\t\t\t\t<div class=\"elementor-widget-container\">\n\t\t\t\t\t\t\t\t\t\t\t\t\t\t\t<img decoding=\"async\" width=\"60\" height=\"60\" src=\"https:\/\/thracechillers.com\/en\/wp-content\/uploads\/2024\/04\/favicon2.png\" class=\"attachment-large size-large wp-image-2758\" alt=\"Therace Chiller Favicon\" \/>\t\t\t\t\t\t\t\t\t\t\t\t\t\t\t<\/div>\n\t\t\t\t<\/div>\n\t\t\t\t<div class=\"elementor-element elementor-element-09b1e87 elementor-invisible elementor-widget elementor-widget-porto_ultimate_heading\" data-id=\"09b1e87\" data-element_type=\"widget\" data-settings=\"{&quot;_animation&quot;:&quot;fadeInUp&quot;,&quot;_animation_delay&quot;:800}\" data-widget_type=\"porto_ultimate_heading.default\">\n\t\t\t\t<div class=\"elementor-widget-container\">\n\t\t\t\t\t<div class=\"porto-u-heading  porto-u-55ca8359258f9a412be7e73af65d2aac\"><div class=\"porto-u-main-heading\"><h2   >THRACE CHILLER<\/h2><\/div><div class=\"porto-u-heading-spacer line_only\" style=\"height:4px;\"><span class=\"porto-u-headings-line\" style=\"border-style:solid;border-bottom-width:4px;width:50px;\"><\/span><\/div><style>.porto-u-55ca8359258f9a412be7e73af65d2aac.porto-u-heading{text-align:center} .porto-u-55ca8359258f9a412be7e73af65d2aac .porto-u-headings-line{float: unset;}<\/style><\/div>\t\t\t\t<\/div>\n\t\t\t\t<\/div>\n\t\t\t\t<div class=\"elementor-element elementor-element-91857fa py-2 mb-0 elementor-invisible elementor-widget elementor-widget-heading\" data-id=\"91857fa\" data-element_type=\"widget\" data-settings=\"{&quot;_animation&quot;:&quot;fadeInUp&quot;,&quot;_animation_delay&quot;:200}\" data-widget_type=\"heading.default\">\n\t\t\t\t<div class=\"elementor-widget-container\">\n\t\t\t\t\t<h2 class=\"elementor-heading-title elementor-size-default\">Cookie Policy<\/h2>\t\t\t\t<\/div>\n\t\t\t\t<\/div>\n\t\t\t\t<div class=\"elementor-element elementor-element-502f2be elementor-widget elementor-widget-text-editor\" data-id=\"502f2be\" data-element_type=\"widget\" data-widget_type=\"text-editor.default\">\n\t\t\t\t<div class=\"elementor-widget-container\">\n\t\t\t\t\t\t\t\t\t<p>We, Thrace Chiller, prioritize your security and aim to inform you briefly about which cookies we use on our website, for what purposes, and how to change your cookie settings with this Cookie Policy<\/p>\t\t\t\t\t\t\t\t<\/div>\n\t\t\t\t<\/div>\n\t\t\t\t<div class=\"elementor-element elementor-element-7484006 elementor-widget elementor-widget-text-editor\" data-id=\"7484006\" data-element_type=\"widget\" data-widget_type=\"text-editor.default\">\n\t\t\t\t<div class=\"elementor-widget-container\">\n\t\t\t\t\t\t\t\t\t<p>To have a brief understanding of what types of personal data are collected and processed through cookies, please read this Cookie Policy. You can also take a look at our Privacy Policy for more information or feel free to contact us.<\/p>\t\t\t\t\t\t\t\t<\/div>\n\t\t\t\t<\/div>\n\t\t\t\t<div class=\"elementor-element elementor-element-6972648 elementor-widget elementor-widget-text-editor\" data-id=\"6972648\" data-element_type=\"widget\" data-widget_type=\"text-editor.default\">\n\t\t\t\t<div class=\"elementor-widget-container\">\n\t\t\t\t\t\t\t\t\t<p><strong>What are Cookies?<\/strong><\/p><p>Cookies are small files stored on devices to enable users to use websites more efficiently. Since users&#8217; information is processed through cookies, under the Personal Data Protection Law No. 6698, users need to be informed and their consent obtained.<\/p><p>In order to provide you, our dear visitors, with better service and improve your user experiences, we use various cookies.<\/p>\t\t\t\t\t\t\t\t<\/div>\n\t\t\t\t<\/div>\n\t\t\t\t<div class=\"elementor-element elementor-element-c1f218b elementor-widget elementor-widget-text-editor\" data-id=\"c1f218b\" data-element_type=\"widget\" data-widget_type=\"text-editor.default\">\n\t\t\t\t<div class=\"elementor-widget-container\">\n\t\t\t\t\t\t\t\t\t<p><strong>Essential Cookies<\/strong><\/p><p>Essential cookies are cookies that enable basic functions related to the website to be activated, making the website usable. The website does not function properly without these cookies.<\/p>\t\t\t\t\t\t\t\t<\/div>\n\t\t\t\t<\/div>\n\t\t\t\t<div class=\"elementor-element elementor-element-3d7c0cc elementor-widget elementor-widget-text-editor\" data-id=\"3d7c0cc\" data-element_type=\"widget\" data-widget_type=\"text-editor.default\">\n\t\t\t\t<div class=\"elementor-widget-container\">\n\t\t\t\t\t\t\t\t\t<p><strong>Performance Cookies<\/strong><\/p><p>Performance cookies are cookies that collect and analyze visitor usage information and preferences related to the website anonymously, thereby enabling the improvement of the website&#8217;s performance.<\/p>\t\t\t\t\t\t\t\t<\/div>\n\t\t\t\t<\/div>\n\t\t\t\t<div class=\"elementor-element elementor-element-9d9eee5 elementor-widget elementor-widget-text-editor\" data-id=\"9d9eee5\" data-element_type=\"widget\" data-widget_type=\"text-editor.default\">\n\t\t\t\t<div class=\"elementor-widget-container\">\n\t\t\t\t\t\t\t\t\t<p><strong>Functional Cookies<\/strong><\/p><p>Functional cookies are cookies that recognize and remember users based on their past usage of the website, allowing them to be recognized and remembered during their future visits, and thereby enabling websites to provide users with personalized services such as language, region, etc.<\/p>\t\t\t\t\t\t\t\t<\/div>\n\t\t\t\t<\/div>\n\t\t\t\t<div class=\"elementor-element elementor-element-651492e elementor-widget elementor-widget-text-editor\" data-id=\"651492e\" data-element_type=\"widget\" data-widget_type=\"text-editor.default\">\n\t\t\t\t<div class=\"elementor-widget-container\">\n\t\t\t\t\t\t\t\t\t<p><strong>Advertising Cookies<\/strong><\/p><p>Advertising cookies are third-party cookies used to track visitor behavior on websites. The purpose of these cookies is to help display advertisements that may be of interest to visitors&#8217; needs, and the responsibility belongs to the third-party cookie owner.<\/p>\t\t\t\t\t\t\t\t<\/div>\n\t\t\t\t<\/div>\n\t\t\t\t<div class=\"elementor-element elementor-element-2e5405d elementor-widget elementor-widget-text-editor\" data-id=\"2e5405d\" data-element_type=\"widget\" data-widget_type=\"text-editor.default\">\n\t\t\t\t<div class=\"elementor-widget-container\">\n\t\t\t\t\t\t\t\t\t<p><strong>What Personal Data is Processed through Cookies?<\/strong><\/p><p>Your identity (name, surname, date of birth, etc.) and contact (address, email address, phone, IP, location, etc.) information will be processed by us, through cookies, by automatic or non-automatic methods, and sometimes obtained from third parties such as analytical providers, advertising networks, search information providers, technology providers, etc., and recorded, stored, updated, and processed throughout our service and contractual relationship, based on the legitimate interest processing condition.<\/p>\t\t\t\t\t\t\t\t<\/div>\n\t\t\t\t<\/div>\n\t\t\t\t<div class=\"elementor-element elementor-element-0e6c45b elementor-widget elementor-widget-text-editor\" data-id=\"0e6c45b\" data-element_type=\"widget\" data-widget_type=\"text-editor.default\">\n\t\t\t\t<div class=\"elementor-widget-container\">\n\t\t\t\t\t\t\t\t\t<p><strong>What are Cookies Used For?<\/strong><\/p><p>We use cookies on our website for the purpose of ensuring security through the detection of suspicious activities, increasing functionality and performance based on user preferences, developing and personalizing products and services and facilitating access to these services, fulfilling contractual and legal responsibilities. Additionally, advertising cookies and sharing information with third parties are also used for the purpose of bringing users together with broader service providers.<\/p>\t\t\t\t\t\t\t\t<\/div>\n\t\t\t\t<\/div>\n\t\t\t\t<div class=\"elementor-element elementor-element-d588eaf elementor-widget elementor-widget-text-editor\" data-id=\"d588eaf\" data-element_type=\"widget\" data-widget_type=\"text-editor.default\">\n\t\t\t\t<div class=\"elementor-widget-container\">\n\t\t\t\t\t\t\t\t\t<p><strong>How are Cookies Managed?<\/strong><\/p><p>After all these explanations, the issue of which cookies will be used is entirely left to the free will of our users. You can manage your cookie preferences by deleting or blocking them from your browser settings as soon as you enter our website, or you can change these settings at any time in the future. For more detailed information, you can take a look at our Privacy Policy or contact us via the email address <a href=\"mailto:info@thracechillers.com\">info@thracechillers.com<\/a>.<\/p>\t\t\t\t\t\t\t\t<\/div>\n\t\t\t\t<\/div>\n\t\t\t\t\t<\/div>\r\n\t\t\t\t<\/div>\r\n\t\t\t\t\t<\/div>\r\n\t\t\t\t<\/section>\r\n\t\t\t\t<section class=\"elementor-section elementor-top-section elementor-element elementor-element-2ada4ff elementor-section-content-middle elementor-section-stretched elementor-section-boxed elementor-section-height-default elementor-section-height-default\" data-id=\"2ada4ff\" data-element_type=\"section\" data-settings=\"{&quot;background_background&quot;:&quot;classic&quot;,&quot;stretch_section&quot;:&quot;section-stretched&quot;}\">\r\n\t\t\t\t\t\t<div class=\"elementor-background-overlay\"><\/div>\r\n\t\t\t\r\n\t\t\t\t\t\t\t<div class=\"elementor-container elementor-column-gap-default\">\r\n\t\t\t\t\t\t\t\t\t\t\t<div class=\"elementor-column elementor-col-50 elementor-top-column elementor-element elementor-element-18fcea6\" data-id=\"18fcea6\" data-element_type=\"column\">\r\n\t\t\t\t\t<div class=\"elementor-widget-wrap elementor-element-populated\">\r\n\t\t\t\t\t\t\t\t<div class=\"elementor-element elementor-element-7c03e49 elementor-widget-mobile__width-initial elementor-widget elementor-widget-heading\" data-id=\"7c03e49\" data-element_type=\"widget\" data-widget_type=\"heading.default\">\n\t\t\t\t<div class=\"elementor-widget-container\">\n\t\t\t\t\t<h2 class=\"elementor-heading-title elementor-size-default\">INNOVAT\u0130ON \u0130S OUR STANDARD<\/h2>\t\t\t\t<\/div>\n\t\t\t\t<\/div>\n\t\t\t\t<div class=\"elementor-element elementor-element-113712e elementor-widget elementor-widget-heading\" data-id=\"113712e\" data-element_type=\"widget\" data-widget_type=\"heading.default\">\n\t\t\t\t<div class=\"elementor-widget-container\">\n\t\t\t\t\t<p class=\"elementor-heading-title elementor-size-default\">Contact us today to receive a customized price quote or to learn more about our products from our experts.<\/p>\t\t\t\t<\/div>\n\t\t\t\t<\/div>\n\t\t\t\t\t<\/div>\r\n\t\t\t\t<\/div>\r\n\t\t\t\t<div class=\"elementor-column elementor-col-50 elementor-top-column elementor-element elementor-element-38322ea\" data-id=\"38322ea\" data-element_type=\"column\">\r\n\t\t\t\t\t<div class=\"elementor-widget-wrap elementor-element-populated\">\r\n\t\t\t\t\t\t\t\t<div class=\"elementor-element elementor-element-1bad1e6 text-lg-end elementor-widget elementor-widget-porto_button\" data-id=\"1bad1e6\" data-element_type=\"widget\" data-widget_type=\"porto_button.default\">\n\t\t\t\t<div class=\"elementor-widget-container\">\n\t\t\t\t\t<a aria-label=\"button\" class=\"btn btn-lg btn-primary btn-modern btn-full-rounded\" href=\"https:\/\/thracechillers.com\/en\/contact\/\"><span >\u0130LET\u0130\u015e\u0130M<\/span><\/a>\t\t\t\t<\/div>\n\t\t\t\t<\/div>\n\t\t\t\t\t<\/div>\r\n\t\t\t\t<\/div>\r\n\t\t\t\t\t<\/div>\r\n\t\t\t\t<\/section>\r\n\t\t\t\t<\/div>\n\t\t","protected":false},"excerpt":{"rendered":"<p>THRACE CHILLER Cookie Policy We, Thrace Chiller, prioritize your security and aim to inform you briefly about which cookies we use on our website, for what purposes, and how to change your cookie settings with this Cookie Policy To have a brief understanding of what types of personal data are collected and processed through cookies, [&hellip;]<\/p>\n","protected":false},"author":1,"featured_media":0,"parent":0,"menu_order":0,"comment_status":"closed","ping_status":"closed","template":"","meta":{"inline_featured_image":false,"_joinchat":[],"footnotes":""},"class_list":["post-3","page","type-page","status-publish","hentry"],"_links":{"self":[{"href":"https:\/\/thracechillers.com\/en\/wp-json\/wp\/v2\/pages\/3","targetHints":{"allow":["GET"]}}],"collection":[{"href":"https:\/\/thracechillers.com\/en\/wp-json\/wp\/v2\/pages"}],"about":[{"href":"https:\/\/thracechillers.com\/en\/wp-json\/wp\/v2\/types\/page"}],"author":[{"embeddable":true,"href":"https:\/\/thracechillers.com\/en\/wp-json\/wp\/v2\/users\/1"}],"replies":[{"embeddable":true,"href":"https:\/\/thracechillers.com\/en\/wp-json\/wp\/v2\/comments?post=3"}],"version-history":[{"count":0,"href":"https:\/\/thracechillers.com\/en\/wp-json\/wp\/v2\/pages\/3\/revisions"}],"wp:attachment":[{"href":"https:\/\/thracechillers.com\/en\/wp-json\/wp\/v2\/media?parent=3"}],"curies":[{"name":"wp","href":"https:\/\/api.w.org\/{rel}","templated":true}]}}