{"id":2690,"date":"2024-04-03T13:28:38","date_gmt":"2024-04-03T10:28:38","guid":{"rendered":"https:\/\/thracechillers.com\/en\/?page_id=2690"},"modified":"2024-05-20T14:41:53","modified_gmt":"2024-05-20T11:41:53","slug":"contact","status":"publish","type":"page","link":"https:\/\/thracechillers.com\/en\/contact\/","title":{"rendered":"Contact"},"content":{"rendered":"\t\t<div data-elementor-type=\"wp-page\" data-elementor-id=\"2690\" class=\"elementor elementor-2690\">\n\t\t\t\t\t\t<section class=\"elementor-section elementor-top-section elementor-element elementor-element-3f0800e py-3 my-5 elementor-section-boxed elementor-section-height-default elementor-section-height-default\" data-id=\"3f0800e\" data-element_type=\"section\">\r\n\t\t\r\n\t\t\t\t\t\t\t<div class=\"elementor-container elementor-column-gap-default\">\r\n\t\t\t\t\t\t\t\t\t\t\t<div class=\"elementor-column elementor-col-50 elementor-top-column elementor-element elementor-element-08a2a07\" data-id=\"08a2a07\" data-element_type=\"column\">\r\n\t\t\t\t\t<div class=\"elementor-widget-wrap elementor-element-populated\">\r\n\t\t\t\t\t\t\t\t<div class=\"elementor-element elementor-element-3d23301 mb-4 pb-2 elementor-widget elementor-widget-heading\" data-id=\"3d23301\" data-element_type=\"widget\" data-widget_type=\"heading.default\">\n\t\t\t\t<div class=\"elementor-widget-container\">\n\t\t\t\t\t<h1 class=\"elementor-heading-title elementor-size-default\">Our Contact Information<\/h1>\t\t\t\t<\/div>\n\t\t\t\t<\/div>\n\t\t\t\t<div class=\"elementor-element elementor-element-012491d elementor-widget elementor-widget-text-editor\" data-id=\"012491d\" data-element_type=\"widget\" data-widget_type=\"text-editor.default\">\n\t\t\t\t<div class=\"elementor-widget-container\">\n\t\t\t\t\t\t\t\t\t<p>Please use the following information to <a href=\"https:\/\/thracechillers.com\/en\/contact\/\">contact<\/a> Thrace Chiller!<\/p>\t\t\t\t\t\t\t\t<\/div>\n\t\t\t\t<\/div>\n\t\t\t\t<div class=\"elementor-element elementor-element-2bc65c3 ps-3 mb-4 pb-2 elementor-widget elementor-widget-porto_info_box\" data-id=\"2bc65c3\" data-element_type=\"widget\" data-widget_type=\"porto_info_box.default\">\n\t\t\t\t<div class=\"elementor-widget-container\">\n\t\t\t\t\t<div class=\"porto-sicon-box style_1 left-icon\"><div class=\"porto-sicon-left\"><div class=\"porto-just-icon-wrapper porto-icon none\" style=\"margin-right:2rem;\"><i class=\"Simple-Line-Icons-location-pin\"><\/i><\/div><\/div><div class=\"porto-sicon-body\"><div class=\"porto-sicon-header\"><h3 class=\"porto-sicon-title\" style=\"\">Address<\/h3><\/div> <!-- header --><div class=\"porto-sicon-description\" style=\"\" ><p>Cumhuriyet Mah. \u015eerifebac\u0131 Cad. Uysal Sanayi Ticaret Merkezi A-Blok No:3 B \u00c7orlu\/Tekirda\u011f<\/p><\/div> <!-- description --><\/div><\/div><!-- porto-sicon-box -->\t\t\t\t<\/div>\n\t\t\t\t<\/div>\n\t\t\t\t<div class=\"elementor-element elementor-element-a4de656 ps-3 mb-4 pb-2 elementor-widget elementor-widget-porto_info_box\" data-id=\"a4de656\" data-element_type=\"widget\" data-widget_type=\"porto_info_box.default\">\n\t\t\t\t<div class=\"elementor-widget-container\">\n\t\t\t\t\t<div class=\"porto-sicon-box style_1 left-icon\"><div class=\"porto-sicon-left\"><div class=\"porto-just-icon-wrapper porto-icon none\" style=\"margin-right:2rem;\"><i class=\"Simple-Line-Icons-envelope\"><\/i><\/div><\/div><div class=\"porto-sicon-body\"><div class=\"porto-sicon-header\"><h3 class=\"porto-sicon-title\" style=\"\">E-mail Address<\/h3><\/div> <!-- header --><div class=\"porto-sicon-description\" style=\"\" ><ul class=\"list list-unstyled pe-5 mb-0\">\n \t<li class=\"mb-0\"><a class=\"text-color-default text-color-hover-primary text-decoration-none\" href=\"mailto:info@thracechillers.com\">info@thracechillers.com<\/a><\/li>\n \t<li class=\"mb-0\"><a class=\"text-color-default text-color-hover-primary text-decoration-none\" href=\"mailto:emre@thracechillers.com\">emre@thracechillers.com<\/a><\/li>\n<li class=\"mb-0\"><a class=\"text-color-default text-color-hover-primary text-decoration-none\" href=\"mailto:melih@thracechillers.com\">melih@thracechillers.com<\/a><\/li>\n<\/ul><\/div> <!-- description --><\/div><\/div><!-- porto-sicon-box -->\t\t\t\t<\/div>\n\t\t\t\t<\/div>\n\t\t\t\t<div class=\"elementor-element elementor-element-4f4c598 ps-3 mb-3 elementor-widget elementor-widget-porto_info_box\" data-id=\"4f4c598\" data-element_type=\"widget\" data-widget_type=\"porto_info_box.default\">\n\t\t\t\t<div class=\"elementor-widget-container\">\n\t\t\t\t\t<div class=\"porto-sicon-box style_1 left-icon\"><div class=\"porto-sicon-left\"><div class=\"porto-just-icon-wrapper porto-icon none\" style=\"margin-right:2rem;\"><i class=\"Simple-Line-Icons-screen-tablet\"><\/i><\/div><\/div><div class=\"porto-sicon-body\"><div class=\"porto-sicon-header\"><h3 class=\"porto-sicon-title\" style=\"\">Telephone<\/h3><\/div> <!-- header --><div class=\"porto-sicon-description\" style=\"\" ><ul class=\"list list-unstyled pe-5 mb-0\">\n \t<li class=\"mb-0\"><a class=\"text-color-default text-color-hover-primary text-decoration-none\" href=\"tel:05336684658\">0533 668 46 58<\/a><\/li>\n \t<li class=\"mb-0\"><a class=\"text-color-default text-color-hover-primary text-decoration-none\" href=\"tel:05357280943\">0535 728 09 43<\/a><\/li>\n<\/ul><\/div> <!-- description --><\/div><\/div><!-- porto-sicon-box -->\t\t\t\t<\/div>\n\t\t\t\t<\/div>\n\t\t\t\t<div class=\"elementor-element elementor-element-9e020d6 ps-3 mb-3 elementor-widget elementor-widget-porto_info_box\" data-id=\"9e020d6\" data-element_type=\"widget\" data-widget_type=\"porto_info_box.default\">\n\t\t\t\t<div class=\"elementor-widget-container\">\n\t\t\t\t\t<div class=\"porto-sicon-box style_1 left-icon\"><div class=\"porto-sicon-left\"><div class=\"porto-just-icon-wrapper porto-icon none\" style=\"margin-right:2rem;\"><i class=\"Simple-Line-Icons-users\"><\/i><\/div><\/div><div class=\"porto-sicon-body\"><div class=\"porto-sicon-header\"><h3 class=\"porto-sicon-title\" style=\"\">Social Media<\/h3><\/div> <!-- header --><div class=\"porto-sicon-description\" style=\"\" ><p><a class=\"text-color-default text-color-hover-primary text-decoration-none\" href=\"https:\/\/www.makinaturkiye.com\/thracechillers\" target=\"_blank\" rel=\"noopener\"><img decoding=\"async\" class=\"alignleft wp-image-4560\" src=\"https:\/\/thracechillers.com\/en\/wp-content\/uploads\/2020\/12\/makineturkiye.webp\" alt=\"makine t\u00fcrkiye\" width=\"20\" height=\"20\" \/><\/a><a class=\"text-color-default text-color-hover-primary text-decoration-none\" href=\"https:\/\/www.linkedin.com\/company\/thrace-chillers\/?viewAsMember=true\" target=\"_blank\" rel=\"noopener\"><img decoding=\"async\" class=\"alignleft wp-image-4555\" src=\"https:\/\/thracechillers.com\/en\/wp-content\/uploads\/2020\/12\/linkedin.webp\" alt=\"linkedin\" width=\"20\" height=\"20\" \/><\/a><a class=\"text-color-default text-color-hover-primary text-decoration-none\" href=\"https:\/\/www.instagram.com\/thracechillers\/\" target=\"_blank\" rel=\"noopener\"><img decoding=\"async\" class=\"alignleft wp-image-4559\" src=\"https:\/\/thracechillers.com\/en\/wp-content\/uploads\/2020\/12\/instagram.webp\" alt=\"instagram\" width=\"20\" height=\"20\" \/><\/a><a class=\"text-color-default text-color-hover-primary text-decoration-none\" href=\"https:\/\/thracechillers.sahibinden.com\/\" target=\"_blank\" rel=\"noopener\"><img loading=\"lazy\" decoding=\"async\" class=\"alignleft wp-image-4561\" src=\"https:\/\/thracechillers.com\/en\/wp-content\/uploads\/2020\/12\/sahibinden.webp\" alt=\"sahibinden\" width=\"20\" height=\"20\" \/><\/a><\/p><\/div> <!-- description --><\/div><\/div><!-- porto-sicon-box -->\t\t\t\t<\/div>\n\t\t\t\t<\/div>\n\t\t\t\t\t<\/div>\r\n\t\t\t\t<\/div>\r\n\t\t\t\t<div class=\"elementor-column elementor-col-50 elementor-top-column elementor-element elementor-element-8dcca8c\" data-id=\"8dcca8c\" data-element_type=\"column\">\r\n\t\t\t\t\t<div class=\"elementor-widget-wrap elementor-element-populated\">\r\n\t\t\t\t\t\t\t\t<div class=\"elementor-element elementor-element-fbec887 mb-4 pb-2 elementor-widget elementor-widget-heading\" data-id=\"fbec887\" data-element_type=\"widget\" data-widget_type=\"heading.default\">\n\t\t\t\t<div class=\"elementor-widget-container\">\n\t\t\t\t\t<h2 class=\"elementor-heading-title elementor-size-default\">Contact Form<\/h2>\t\t\t\t<\/div>\n\t\t\t\t<\/div>\n\t\t\t\t<div class=\"elementor-element elementor-element-45fdc87 elementor-widget elementor-widget-text-editor\" data-id=\"45fdc87\" data-element_type=\"widget\" data-widget_type=\"text-editor.default\">\n\t\t\t\t<div class=\"elementor-widget-container\">\n\t\t\t\t\t\t\t\t\t<p>You can contact us using the contact form for your questions and requests.<\/p>\t\t\t\t\t\t\t\t<\/div>\n\t\t\t\t<\/div>\n\t\t\t\t<div class=\"elementor-element elementor-element-fc96571 elementor-widget elementor-widget-shortcode\" data-id=\"fc96571\" data-element_type=\"widget\" data-widget_type=\"shortcode.default\">\n\t\t\t\t<div class=\"elementor-widget-container\">\n\t\t\t\t\t\t\t<div class=\"elementor-shortcode\">\n<div class=\"wpcf7 no-js\" id=\"wpcf7-f2716-o1\" lang=\"tr-TR\" dir=\"ltr\" data-wpcf7-id=\"2716\">\n<div class=\"screen-reader-response\"><p role=\"status\" aria-live=\"polite\" aria-atomic=\"true\"><\/p> <ul><\/ul><\/div>\n<form action=\"\/en\/wp-json\/wp\/v2\/pages\/2690#wpcf7-f2716-o1\" method=\"post\" class=\"wpcf7-form init\" aria-label=\"\u0130leti\u015fim Formu\" novalidate=\"novalidate\" data-status=\"init\">\n<fieldset class=\"hidden-fields-container\"><input type=\"hidden\" name=\"_wpcf7\" value=\"2716\" \/><input type=\"hidden\" name=\"_wpcf7_version\" value=\"6.1.4\" \/><input type=\"hidden\" name=\"_wpcf7_locale\" value=\"tr_TR\" \/><input type=\"hidden\" name=\"_wpcf7_unit_tag\" value=\"wpcf7-f2716-o1\" \/><input type=\"hidden\" name=\"_wpcf7_container_post\" value=\"0\" \/><input type=\"hidden\" name=\"_wpcf7_posted_data_hash\" value=\"\" \/>\n<\/fieldset>\n<div class=\"mb-3\">\n    <span class=\"wpcf7-form-control-wrap\" data-name=\"text-771\"><input size=\"40\" maxlength=\"400\" class=\"wpcf7-form-control wpcf7-text wpcf7-validates-as-required form-control\" aria-required=\"true\" aria-invalid=\"false\" placeholder=\"* Name Surname\" value=\"\" type=\"text\" name=\"text-771\" \/><\/span>\n<\/div>\n<div class=\"mb-3\">\n    <span class=\"wpcf7-form-control-wrap\" data-name=\"email-406\"><input size=\"40\" maxlength=\"400\" class=\"wpcf7-form-control wpcf7-email wpcf7-validates-as-required wpcf7-text wpcf7-validates-as-email form-control\" aria-required=\"true\" aria-invalid=\"false\" placeholder=\"* Your Email Adres\" value=\"\" type=\"email\" name=\"email-406\" \/><\/span>\n<\/div>\n<div class=\"mb-3\">\n<span class=\"wpcf7-form-control-wrap\" data-name=\"tel-230\"><input size=\"40\" maxlength=\"400\" class=\"wpcf7-form-control wpcf7-tel wpcf7-validates-as-required wpcf7-text wpcf7-validates-as-tel form-control\" aria-required=\"true\" aria-invalid=\"false\" placeholder=\"* Your Phone Number\" value=\"\" type=\"tel\" name=\"tel-230\" \/><\/span>\n<\/div>\n\n<div class=\"m-b-xl\">\n    <span class=\"wpcf7-form-control-wrap\" data-name=\"textarea-824\"><textarea cols=\"40\" rows=\"10\" maxlength=\"2000\" class=\"wpcf7-form-control wpcf7-textarea wpcf7-validates-as-required form-control\" aria-required=\"true\" aria-invalid=\"false\" placeholder=\"* Your Message\" name=\"textarea-824\"><\/textarea><\/span>\n<\/div>\n<div class=\"row m-r-n-sm m-l-n-sm\">\n<div class=\"col-lg-12\">\n        <label for=\"contact-captcha\" class=\"font-weight-bold text-dark\">Verification Code *<\/label>\n    <\/div>\n    <div class=\"form-group col-lg-8 p-l-sm p-r-sm\">\n        <div class=\"form-group\">\n            <span class=\"wpcf7-form-control-wrap\" data-name=\"your-captcha\"><input size=\"40\" class=\"wpcf7-form-control wpcf7-captchar form-control\" id=\"contact-captcha\" autocomplete=\"off\" aria-invalid=\"false\" value=\"\" type=\"text\" name=\"your-captcha\" \/><\/span>\n        <\/div>\n    <\/div>\n    <div class=\"form-group col-lg-4 p-l-sm p-r-sm\">\n        <div class=\"form-group\">\n            <input type=\"hidden\" name=\"_wpcf7_captcha_challenge_your-captcha\" value=\"310087396\" \/><img loading=\"lazy\" decoding=\"async\" class=\"wpcf7-form-control wpcf7-captchac wpcf7-captcha-your-captcha\" width=\"72\" height=\"24\" alt=\"captcha\" src=\"https:\/\/thracechillers.com\/en\/wp-content\/uploads\/wpcf7_captcha\/310087396.png\" \/>\n        <\/div>\n    <\/div>\n  <\/div>\n<div class=\"custom-btn-style-1\">\n    <input class=\"wpcf7-form-control wpcf7-submit has-spinner font-weight-semibold btn-primary\" type=\"submit\" value=\"Send Message\" \/>\n<\/div><div class=\"wpcf7-response-output\" aria-hidden=\"true\"><\/div>\n<\/form>\n<\/div>\n<\/div>\n\t\t\t\t\t\t<\/div>\n\t\t\t\t<\/div>\n\t\t\t\t\t<\/div>\r\n\t\t\t\t<\/div>\r\n\t\t\t\t\t<\/div>\r\n\t\t\t\t<\/section>\r\n\t\t\t\t<section class=\"elementor-section elementor-top-section elementor-element elementor-element-4b29cb9 elementor-section-boxed elementor-section-height-default elementor-section-height-default\" data-id=\"4b29cb9\" data-element_type=\"section\">\r\n\t\t\r\n\t\t\t\t\t\t\t<div class=\"elementor-container elementor-column-gap-default\">\r\n\t\t\t\t\t\t\t\t\t\t\t<div class=\"elementor-column elementor-col-100 elementor-top-column elementor-element elementor-element-398a9e3\" data-id=\"398a9e3\" data-element_type=\"column\">\r\n\t\t\t\t\t<div class=\"elementor-widget-wrap elementor-element-populated\">\r\n\t\t\t\t\t\t\t\t<div class=\"elementor-element elementor-element-e03b6eb elementor-widget elementor-widget-html\" data-id=\"e03b6eb\" data-element_type=\"widget\" data-widget_type=\"html.default\">\n\t\t\t\t<div class=\"elementor-widget-container\">\n\t\t\t\t\t<iframe src=\"https:\/\/www.google.com\/maps\/embed?pb=!1m14!1m8!1m3!1d6009.287989755171!2d27.776069!3d41.142297!3m2!1i1024!2i768!4f13.1!3m3!1m2!1s0x14b4e74f3947aac9%3A0xf7bbaf0630aba518!2zVEhSQUNFIMSwS0zEsE1MRU5ExLBSTUUgVkUgRU5Ew5xTVFLEsFlFTCBTT8SeVVRNQSBTxLBTVEVNTEVSxLAgU0FOQVnEsCBUxLBDQVJFVCBMxLBNxLBURUQgxZ7EsFJLRVTEsA!5e0!3m2!1str!2str!4v1713606757919!5m2!1str!2str\" width=\"600\" height=\"450\" style=\"border:0;\" allowfullscreen=\"\" loading=\"lazy\" referrerpolicy=\"no-referrer-when-downgrade\"><\/iframe>\t\t\t\t<\/div>\n\t\t\t\t<\/div>\n\t\t\t\t\t<\/div>\r\n\t\t\t\t<\/div>\r\n\t\t\t\t\t<\/div>\r\n\t\t\t\t<\/section>\r\n\t\t\t\t<\/div>\n\t\t","protected":false},"excerpt":{"rendered":"<p>Our Contact Information Please use the following information to contact Thrace Chiller! Address Cumhuriyet Mah. \u015eerifebac\u0131 Cad. Uysal Sanayi Ticaret Merkezi A-Blok No:3 B \u00c7orlu\/Tekirda\u011f E-mail Address info@thracechillers.com emre@thracechillers.com melih@thracechillers.com Telephone 0533 668 46 58 0535 728 09 43 Social Media Contact Form You can contact us using the contact form for your questions and [&hellip;]<\/p>\n","protected":false},"author":1,"featured_media":0,"parent":0,"menu_order":0,"comment_status":"closed","ping_status":"closed","template":"","meta":{"inline_featured_image":false,"_joinchat":[],"footnotes":""},"class_list":["post-2690","page","type-page","status-publish","hentry"],"_links":{"self":[{"href":"https:\/\/thracechillers.com\/en\/wp-json\/wp\/v2\/pages\/2690","targetHints":{"allow":["GET"]}}],"collection":[{"href":"https:\/\/thracechillers.com\/en\/wp-json\/wp\/v2\/pages"}],"about":[{"href":"https:\/\/thracechillers.com\/en\/wp-json\/wp\/v2\/types\/page"}],"author":[{"embeddable":true,"href":"https:\/\/thracechillers.com\/en\/wp-json\/wp\/v2\/users\/1"}],"replies":[{"embeddable":true,"href":"https:\/\/thracechillers.com\/en\/wp-json\/wp\/v2\/comments?post=2690"}],"version-history":[{"count":0,"href":"https:\/\/thracechillers.com\/en\/wp-json\/wp\/v2\/pages\/2690\/revisions"}],"wp:attachment":[{"href":"https:\/\/thracechillers.com\/en\/wp-json\/wp\/v2\/media?parent=2690"}],"curies":[{"name":"wp","href":"https:\/\/api.w.org\/{rel}","templated":true}]}}